{"id":3667,"date":"2020-06-04T06:55:22","date_gmt":"2020-06-04T06:55:22","guid":{"rendered":"http:\/\/mkodakisi.org\/?page_id=3667"},"modified":"2020-06-04T06:55:22","modified_gmt":"2020-06-04T06:55:22","slug":"mobilgizlilik","status":"publish","type":"page","link":"https:\/\/mkodakisi.org\/index.php\/mobilgizlilik\/","title":{"rendered":"mobilgizlilik"},"content":{"rendered":"\n<p>MOB\u0130L UYGULAMA G\u0130ZL\u0130L\u0130K B\u0130LD\u0130R\u0130M\u0130<strong><\/strong><\/p>\n\n\n\n<p>S\u00fcr\u00fcm, 04 Haziran 2020<\/p>\n\n\n\n<p>T\u00fcm Kullan\u0131c\u0131lar\u0131m\u0131z\u0131n\ngizlili\u011fi bizim i\u00e7in \u00e7ok \u00f6nemlidir. Bir Uygulama Kullan\u0131c\u0131s\u0131 olarak Hizmetimizi\nkulland\u0131\u011f\u0131n\u0131zda, (Uygulama Yay\u0131nc\u0131s\u0131 olarak) Ki\u015fisel Verilerinizi i\u015fleriz. Bu\nGizlilik Bildirimi, Ki\u015fisel Verilerinizi nas\u0131l korudu\u011fumuzu ve i\u015fleme\nkoydu\u011fumuzu a\u00e7\u0131klar. Dikkatlice okuman\u0131z\u0131 \u00f6neririz.&nbsp;<\/p>\n\n\n\n<p>1. Bu Gizlilik\nBildiriminde ne belirtilmi\u015ftir?<strong><\/strong><\/p>\n\n\n\n<p>Bu Gizlilik\nBildirimindeki b\u00f6l\u00fcmler size a\u015fa\u011f\u0131dakiler hakk\u0131nda bilgi verir:&nbsp;<\/p>\n\n\n\n<ul class=\"wp-block-list\"><li>\u0130\u015flenen\n     Ki\u015fisel Verilerin t\u00fcrleri,<\/li><li>Ki\u015fisel\n     Verilerin i\u015flenme ama\u00e7lar\u0131,&nbsp;<\/li><li>Ki\u015fisel\n     Verilerin i\u015flendi\u011fi yerler,<\/li><li>Ki\u015fisel\n     Verileri korumak i\u00e7in uygulanan g\u00fcvenlik \u00f6nlemleri,<\/li><li>\u00dc\u00e7\u00fcnc\u00fc\n     \u015fah\u0131slarla ilgili sorumluluk s\u0131n\u0131rlar\u0131,<\/li><li>Ki\u015fisel\n     Verilerinizi g\u00f6r\u00fcnt\u00fcleme, de\u011fi\u015ftirme ve silme,<\/li><li>Bu\n     Gizlilik Bildiriminde yap\u0131lan de\u011fi\u015fiklikler;&nbsp;<\/li><li>Sorunuz\n     veya a\u00e7\u0131klamalar\u0131n\u0131z varsa ne yapacaks\u0131n\u0131z?&nbsp;<\/li><\/ul>\n\n\n\n<p>2. \u0130\u015flenen Ki\u015fisel\nVerilerin t\u00fcrleri<strong><\/strong><\/p>\n\n\n\n<p><strong>A. Hizmetimiz taraf\u0131ndan\nkullan\u0131lan Ki\u015fisel Veriler&nbsp;<\/strong><\/p>\n\n\n\n<p>Hizmetimizi geli\u015ftirmek\ni\u00e7in Anonim Verileri kullan\u0131r\u0131z. Bu bilgiler, Hizmet arac\u0131l\u0131\u011f\u0131yla kamuya\na\u00e7\u0131klanmayacakt\u0131r.<\/p>\n\n\n\n<p>Uygulama i\u00e7indeki\nkullan\u0131c\u0131 yetkilendirme \u00f6zelliklerini etkinle\u015ftirirseniz, a\u015fa\u011f\u0131daki ek bilgiler\nsaklan\u0131r:&nbsp;<\/p>\n\n\n\n<ul class=\"wp-block-list\"><li>\u0130sim,<\/li><li>E-posta,<\/li><li>Telefon\n     numaras\u0131<\/li><\/ul>\n\n\n\n<p>Not: kullan\u0131c\u0131\nyetkilendirme \u00f6zellikleri etkinle\u015ftirilmi\u015fse, giri\u015f yapt\u0131\u011f\u0131n\u0131zda anonim\nbilgileri sizin bilgilerinizle ili\u015fkilendirebiliriz.<\/p>\n\n\n\n<p>3. Ki\u015fisel Verilerin\ni\u015flenme ama\u00e7lar\u0131<strong><\/strong><\/p>\n\n\n\n<p><strong>A. Ama\u00e7lar&nbsp;<\/strong><\/p>\n\n\n\n<p>Taraflar Ki\u015fisel\nVerileri a\u015fa\u011f\u0131daki ama\u00e7larla i\u015flemektedir:<\/p>\n\n\n\n<ul class=\"wp-block-list\"><li>Hizmeti\n     kullanabilmenizi sa\u011flamak i\u00e7in,<\/li><li>Hizmetimizle\n     ilgili bilgileri g\u00fcncel tutmak i\u00e7in,<\/li><li>Hizmetin\n     iyile\u015ftirilmesi ve\/veya \u00f6zelle\u015ftirilmesi i\u00e7in,<\/li><li>Sizi\n     tan\u0131mlamak ve\/veya Hizmeti \u00f6zelle\u015ftirmek i\u00e7in,<\/li><li>Sizi\n     tan\u0131mak ve doland\u0131r\u0131c\u0131l\u0131\u011f\u0131 \u00f6nlemek i\u00e7in,<\/li><li>Destek\n     sa\u011flamak i\u00e7in,<\/li><li>Ki\u015fisel\n     Verilerinizi, bizden bunu talep etti\u011finiz takdirde veya yasal olarak\n     y\u00fck\u00fcml\u00fc oldu\u011fumuz durumlarda, \u00fc\u00e7\u00fcnc\u00fc \u015fah\u0131slara iletmek.<\/li><\/ul>\n\n\n\n<p><strong>B. Ki\u015fisel Verilerin\n\u00fc\u00e7\u00fcnc\u00fc \u015fah\u0131slara iletilmesi<\/strong>&nbsp;<\/p>\n\n\n\n<p>Sizden \u00f6nceden izin\nal\u0131nmaks\u0131z\u0131n Ki\u015fisel Verilerinizi \u00fc\u00e7\u00fcnc\u00fc \u015fah\u0131slara satmamaktay\u0131z, satm\u0131yor veya\nkiralam\u0131yoruz. Bununla birlikte, \u00dccretli Hizmetlerle ilgili \u00f6deme sa\u011flay\u0131c\u0131lar\u0131\narac\u0131l\u0131\u011f\u0131yla \u00f6deme yapmak gibi Ki\u015fisel Verilerinizi size sa\u011flama veya\ntalimatlar\u0131 yerine getirmeniz a\u00e7\u0131s\u0131ndan \u015fart oldu\u011fu durumlarda, Ki\u015fisel\nVerilerinizi \u00fc\u00e7\u00fcnc\u00fc taraflara sa\u011flayabiliriz.&nbsp;<\/p>\n\n\n\n<p>Uygun oldu\u011funu\nd\u00fc\u015f\u00fcnd\u00fc\u011f\u00fcm\u00fcz \u015fekilde Hizmet \u2018in bu t\u00fcr ama\u00e7lar i\u00e7in \u00fc\u00e7\u00fcnc\u00fc taraflara kullan\u0131m\u0131\nhakk\u0131nda &#8220;toplu anonim veriler&#8221; sa\u011flayabiliriz. &#8220;Toplam anonim\nveriler&#8221;, size geri g\u00f6nderilemeyen ve bu nedenle Ki\u015fisel Veriler olarak\nsay\u0131lmayan verilerdir. \u00d6rne\u011fin, Kullan\u0131c\u0131lar\u0131n Hizmeti nas\u0131l kulland\u0131\u011f\u0131n\u0131 daha\niyi anlamak i\u00e7in toplu anonim verileri kullanabiliriz.<\/p>\n\n\n\n<p>\u00dc\u00e7\u00fcnc\u00fc bir tarafa\nge\u00e7ti\u011fimiz veya bir \u00fc\u00e7\u00fcnc\u00fc tarafla birle\u015fti\u011fimiz veya bir yeniden\nyap\u0131land\u0131rmaya tabi oldu\u011fumuz durumda, Ki\u015fisel Verileriniz de \u00fc\u00e7\u00fcnc\u00fc ki\u015filere\na\u00e7\u0131klanabilir ve \/ veya bu \u00fc\u00e7\u00fcnc\u00fc ki\u015fiye devredilebilir. Bu \u00fc\u00e7\u00fcnc\u00fc taraf,\nKi\u015fisel Verileri ve bize sa\u011flad\u0131\u011f\u0131n\u0131z di\u011fer bilgileri kullanmaya devam etme\nhakk\u0131na sahip olacak.&nbsp;<\/p>\n\n\n\n<p>Ki\u015fisel Verilerinizi,\niyi niyetle, bir mahkeme karar\u0131, halen devam eden adli i\u015flem, cezai veya sivil\nmahkeme celbi veya kolluk kuvveti makamlar\u0131 taraf\u0131ndan verilen di\u011fer yasal\ni\u015flem veya taleplere uyman\u0131z gerekti\u011fine inand\u0131\u011f\u0131m\u0131z yerlerde if\u015fa edebiliriz\nveya egzersiz yapabiliriz Yasal haklar\u0131 veya yasal iddialara kar\u015f\u0131\nsavunmak.&nbsp;<\/p>\n\n\n\n<p>4. Ki\u015fisel Verilerin\ni\u015flendi\u011fi yerler<strong><\/strong><\/p>\n\n\n\n<p>Hizmet kapsam\u0131nda\ni\u015flenen verilerin tutuldu\u011fu veri merkezleri T\u00fcrkiye\u2019de&nbsp; bulunmaktad\u0131r., T\u00fcrkiye\u2019de yer alan\nbar\u0131nd\u0131rma hizmetleri kullan\u0131larak sa\u011flanmaktad\u0131r. Bununla birlikte, i\u015flenen\nKi\u015fisel Veriler, bu \u00fclkeler ve b\u00f6lgeler d\u0131\u015f\u0131nda bir \u00fclkede bulunan muhafaza\nsunucular\u0131na aktar\u0131labilir ve depolanabilir. Ki\u015fisel Verilerinizin g\u00fcvenli bir\n\u015fekilde ve bu gizlilik politikas\u0131na uygun \u015fekilde kullan\u0131lmas\u0131n\u0131 sa\u011flamak i\u00e7in\nmakul \u00f6l\u00e7\u00fcde gerekli t\u00fcm ad\u0131mlar\u0131 ataca\u011f\u0131z.<\/p>\n\n\n\n<p>5. Ki\u015fisel Verileri\nkorumak i\u00e7in hangi g\u00fcvenlik \u00f6nlemleri uygulanmaktad\u0131r?<strong><\/strong><\/p>\n\n\n\n<p>Verilerinizin g\u00fcvenli\u011fi\nve di\u011fer Kullan\u0131c\u0131lar\u0131n g\u00fcvenli\u011fi bizim i\u00e7in \u00e7ok \u00f6nemlidir. Ki\u015fisel\nVerilerinizi kay\u0131p ya da herhangi bir yasad\u0131\u015f\u0131 i\u015fleme kar\u015f\u0131 korumak i\u00e7in teknik\nve organizasyonel \u00f6nlemler ald\u0131k. A\u015fa\u011f\u0131daki tedbirleri uygulad\u0131k:\nsunucular\u0131m\u0131z\u0131 g\u00fcvenlik duvarlar\u0131, SSL ba\u011flant\u0131lar\u0131 ve hassas verilerin\n\u015fifrelenmesi yoluyla koruma. Bu liste ayr\u0131nt\u0131l\u0131 de\u011fildir.&nbsp;<\/p>\n\n\n\n<p>6. \u00dc\u00e7\u00fcnc\u00fc \u015fah\u0131slarla\nilgili sorumluluk s\u0131n\u0131rlar\u0131<strong><\/strong><\/p>\n\n\n\n<p>Hizmetimiz \u00fc\u00e7\u00fcnc\u00fc\ntaraflar taraf\u0131ndan sunulan hizmetler ve \u00fcr\u00fcnler ve \/ veya ortaklar\u0131n, reklam verenlerin\nve di\u011fer \u00fc\u00e7\u00fcnc\u00fc taraflar\u0131n web sitelerine veya hizmetlerine k\u00f6pr\u00fcler\ni\u00e7erebilir.<\/p>\n\n\n\n<p>Taraflar\u0131n, bu \u00fc\u00e7\u00fcnc\u00fc\ntaraflar\u0131n i\u00e7eri\u011fi, web siteleri veya hizmetleri \u00fczerinde herhangi bir kontrol\u00fc\nveya etkisi yoktur. \u00dc\u00e7\u00fcnc\u00fc ki\u015fi web sitelerinin ve hizmetlerinin kullan\u0131m\u0131 i\u00e7in\nfarkl\u0131 gizlilik politikalar\u0131 uygulanabilir. Bu Gizlilik Beyan\u0131, yaln\u0131zca\ntaraflar taraf\u0131ndan Hizmeti kendi ama\u00e7lar\u0131 do\u011frultusunda kullanman\u0131z yoluyla\nelde edilen Ki\u015fisel Verilerle ilgilidir. Taraflar, \u00fc\u00e7\u00fcnc\u00fc taraf web sitelerinin\nve hizmetlerin i\u00e7eri\u011fi, uygulamalar\u0131 veya i\u015fletilmesi ile ilgili herhangi bir\nsorumluluk kabul etmez.<\/p>\n\n\n\n<p>7. Ki\u015fisel Verileri\nG\u00f6r\u00fcnt\u00fcleme ve Silme<strong><\/strong><\/p>\n\n\n\n<p>Uygulamay\u0131 kullanarak toplanan\nki\u015fisel bilgilere e-posta yoluyla bizimle ileti\u015fime ge\u00e7mek veya silmek i\u00e7in bir\nistek g\u00f6nderebilirsiniz. Kimli\u011finizi do\u011frulamak i\u00e7in ek bilgi sa\u011flaman\u0131z\nistenebilir.<\/p>\n\n\n\n<p>8. \u00c7ocuk gizlili\u011fi<strong><\/strong><\/p>\n\n\n\n<p>\u00c7ocuklarla ilgili\nki\u015fisel bilgiler bilerek veya kas\u0131tl\u0131 olarak toplanmamaktad\u0131r.<\/p>\n\n\n\n<p>9. G\u00fcvenlik<strong><\/strong><\/p>\n\n\n\n<p>Ki\u015fisel bilgilerinizin\ng\u00fcvenli\u011fini sa\u011flamak, hasar riskini en aza indirmek, bilgi kayb\u0131 ve yetkisiz\neri\u015fimden veya bilgiyi kullanmak i\u00e7in \u00f6nlemler uygulanmaktad\u0131r. Bununla\nbirlikte, bu tedbirler mutlak bilgi g\u00fcvenli\u011fi sa\u011flayamamaktad\u0131r. Dolay\u0131s\u0131yla,\nki\u015fisel bilgilerinizin g\u00fcvenli\u011fini sa\u011flamak i\u00e7in \u00e7aba sarf edilir, ancak bu\ngaranti edilmez ve Uygulaman\u0131n ve ilgili veritabanlar\u0131n\u0131n herhangi bir haks\u0131z\ndavran\u0131\u015f, ar\u0131za, izinsiz engeller veya eri\u015fim veya di\u011fer k\u00f6t\u00fcye kullan\u0131m ve k\u00f6t\u00fcye\nkullan\u0131mdan muaf olaca\u011f\u0131n\u0131 makul bir \u015fekilde bekleyemezsiniz.<\/p>\n\n\n\n<p>10. Bu Gizlilik\nBildiriminde Yap\u0131lan De\u011fi\u015fiklikler<strong><\/strong><\/p>\n\n\n\n<p>Bu Beyan, herhangi bir\nzamanda g\u00fcncellenebilir. Taraflar, Gizlilik Bildirimi&#8217;nin g\u00fcncellenmi\u015f bir\ns\u00fcr\u00fcm\u00fcn\u00fc Hizmet arac\u0131l\u0131\u011f\u0131yla yay\u0131nlayacakt\u0131r. Taraflar, bu Gizlilik\nBildirimi&#8217;nde yapaca\u011f\u0131 de\u011fi\u015fikliklerden haberdar olmak ve taraflar\u0131n Ki\u015fisel\nVerilerinizi nas\u0131l koruma alt\u0131na alacaklar\u0131 konusunda bilgi sahibi olmak i\u00e7in\nbu sayfay\u0131 zaman zaman kontrol etmenizi \u00f6nerir. Bu Gizlilik Bildirimini periyodik\nolarak g\u00f6zden ge\u00e7irmek ve g\u00fcncellemeler hakk\u0131nda bilgi sahibi olmak sizin\nsorumlulu\u011funuzdad\u0131r ve kabul ve taahh\u00fct eder.<\/p>\n\n\n\n<p>Bu Bildirimde yap\u0131lan\nde\u011fi\u015fikliklerin herhangi birine ba\u011fl\u0131 kalmay\u0131 kabul etmektesiniz. De\u011fi\u015fiklik\ny\u00fcr\u00fcrl\u00fc\u011fe girdikten sonra Uygulamay\u0131 kullanmaya devam etmeniz, de\u011fi\u015ftirilen\nBildirim&#8217;i kabul etti\u011finizi g\u00f6sterecektir. De\u011fi\u015ftirilen Bildirimi kabul\netmiyorsan\u0131z, Uygulamay\u0131 kald\u0131rman\u0131z ve onu daha fazla kullanmaktan ka\u00e7\u0131nman\u0131z\ngerekir.&nbsp;<\/p>\n\n\n\n<p>11. Herhangi bir sorunuz\nya da a\u00e7\u0131klamalar\u0131n\u0131z varsa ne yapacaks\u0131n\u0131z?<strong><\/strong><\/p>\n\n\n\n<p>Bu Gizlilik Bildirimi\nile ilgili herhangi bir sorunuz veya a\u00e7\u0131klamalar\u0131n\u0131z varsa, l\u00fctfen bir e-posta\ng\u00f6ndererek bizimle ileti\u015fime ge\u00e7in.&nbsp;<\/p>\n\n\n\n<p>Bu Gizlilik Bildirimi\nson olarak 04 Haziran 2020 tarihinde g\u00fcncellendi.<\/p>\n","protected":false},"excerpt":{"rendered":"<p>MOB\u0130L UYGULAMA G\u0130ZL\u0130L\u0130K B\u0130LD\u0130R\u0130M\u0130 S\u00fcr\u00fcm, 04 Haziran 2020 T\u00fcm Kullan\u0131c\u0131lar\u0131m\u0131z\u0131n gizlili\u011fi bizim i\u00e7in \u00e7ok \u00f6nemlidir. Bir Uygulama Kullan\u0131c\u0131s\u0131 olarak Hizmetimizi<\/p>\n","protected":false},"author":1,"featured_media":0,"parent":0,"menu_order":0,"comment_status":"closed","ping_status":"closed","template":"","meta":{"colormag_page_container_layout":"default_layout","colormag_page_sidebar_layout":"default_layout","footnotes":""},"class_list":["post-3667","page","type-page","status-publish","hentry"],"_links":{"self":[{"href":"https:\/\/mkodakisi.org\/index.php\/wp-json\/wp\/v2\/pages\/3667","targetHints":{"allow":["GET"]}}],"collection":[{"href":"https:\/\/mkodakisi.org\/index.php\/wp-json\/wp\/v2\/pages"}],"about":[{"href":"https:\/\/mkodakisi.org\/index.php\/wp-json\/wp\/v2\/types\/page"}],"author":[{"embeddable":true,"href":"https:\/\/mkodakisi.org\/index.php\/wp-json\/wp\/v2\/users\/1"}],"replies":[{"embeddable":true,"href":"https:\/\/mkodakisi.org\/index.php\/wp-json\/wp\/v2\/comments?post=3667"}],"version-history":[{"count":0,"href":"https:\/\/mkodakisi.org\/index.php\/wp-json\/wp\/v2\/pages\/3667\/revisions"}],"wp:attachment":[{"href":"https:\/\/mkodakisi.org\/index.php\/wp-json\/wp\/v2\/media?parent=3667"}],"curies":[{"name":"wp","href":"https:\/\/api.w.org\/{rel}","templated":true}]}}